{"id":338,"date":"2024-05-25T15:53:53","date_gmt":"2024-05-25T13:53:53","guid":{"rendered":"https:\/\/e-commercedubai.com\/compte-bancaire\/"},"modified":"2024-05-25T15:53:53","modified_gmt":"2024-05-25T13:53:53","slug":"compte-bancaire","status":"publish","type":"page","link":"https:\/\/e-commercedubai.com\/en\/compte-bancaire\/","title":{"rendered":"Compte bancaire"},"content":{"rendered":"\t\t<div data-elementor-type=\"wp-page\" data-elementor-id=\"338\" class=\"elementor elementor-338 elementor-198\" data-elementor-post-type=\"page\">\n\t\t\t\t<div class=\"elementor-element elementor-element-68fa7df0 e-flex e-con-boxed e-con e-parent\" data-id=\"68fa7df0\" data-element_type=\"container\" data-settings=\"{&quot;background_background&quot;:&quot;classic&quot;,&quot;jet_parallax_layout_list&quot;:[]}\">\n\t\t\t\t\t<div class=\"e-con-inner\">\n\t\t\t\t<div class=\"elementor-element elementor-element-4dc6ac50 elementor-widget elementor-widget-heading\" data-id=\"4dc6ac50\" data-element_type=\"widget\" data-widget_type=\"heading.default\">\n\t\t\t\t<div class=\"elementor-widget-container\">\n\t\t\t<style>\/*! elementor - v3.21.0 - 22-05-2024 *\/\n.elementor-heading-title{padding:0;margin:0;line-height:1}.elementor-widget-heading .elementor-heading-title[class*=elementor-size-]>a{color:inherit;font-size:inherit;line-height:inherit}.elementor-widget-heading .elementor-heading-title.elementor-size-small{font-size:15px}.elementor-widget-heading .elementor-heading-title.elementor-size-medium{font-size:19px}.elementor-widget-heading .elementor-heading-title.elementor-size-large{font-size:29px}.elementor-widget-heading .elementor-heading-title.elementor-size-xl{font-size:39px}.elementor-widget-heading .elementor-heading-title.elementor-size-xxl{font-size:59px}<\/style><h1 class=\"elementor-heading-title elementor-size-default\">Compte bancaire<\/h1>\t\t<\/div>\n\t\t\t\t<\/div>\n\t\t\t\t\t<\/div>\n\t\t\t\t<\/div>\n\t\t<div class=\"elementor-element elementor-element-38566ffc e-con-full e-flex e-con e-parent\" data-id=\"38566ffc\" data-element_type=\"container\" data-settings=\"{&quot;background_background&quot;:&quot;classic&quot;,&quot;jet_parallax_layout_list&quot;:[]}\">\n\t\t\t\t<div class=\"elementor-element elementor-element-33e4f9b6 elementor-widget elementor-widget-image\" data-id=\"33e4f9b6\" data-element_type=\"widget\" data-widget_type=\"image.default\">\n\t\t\t\t<div class=\"elementor-widget-container\">\n\t\t\t<style>\/*! elementor - v3.21.0 - 22-05-2024 *\/\n.elementor-widget-image{text-align:center}.elementor-widget-image a{display:inline-block}.elementor-widget-image a img[src$=\".svg\"]{width:48px}.elementor-widget-image img{vertical-align:middle;display:inline-block}<\/style>\t\t\t\t\t\t\t\t\t\t<img fetchpriority=\"high\" decoding=\"async\" width=\"800\" height=\"533\" src=\"https:\/\/e-commercedubai.com\/wp-content\/uploads\/2024\/05\/credit-cards-1583534_1280-1-1024x682.jpg\" class=\"attachment-large size-large wp-image-208\" alt=\"\" srcset=\"https:\/\/e-commercedubai.com\/wp-content\/uploads\/2024\/05\/credit-cards-1583534_1280-1-1024x682.jpg 1024w, https:\/\/e-commercedubai.com\/wp-content\/uploads\/2024\/05\/credit-cards-1583534_1280-1-300x200.jpg 300w, https:\/\/e-commercedubai.com\/wp-content\/uploads\/2024\/05\/credit-cards-1583534_1280-1-768x512.jpg 768w, https:\/\/e-commercedubai.com\/wp-content\/uploads\/2024\/05\/credit-cards-1583534_1280-1.jpg 1280w\" sizes=\"(max-width: 800px) 100vw, 800px\" \/>\t\t\t\t\t\t\t\t\t\t\t\t\t<\/div>\n\t\t\t\t<\/div>\n\t\t\t\t<\/div>\n\t\t<div class=\"elementor-element elementor-element-20c0aa7 e-flex e-con-boxed e-con e-parent\" data-id=\"20c0aa7\" data-element_type=\"container\" data-settings=\"{&quot;jet_parallax_layout_list&quot;:[]}\">\n\t\t\t\t\t<div class=\"e-con-inner\">\n\t\t\t\t<div class=\"elementor-element elementor-element-bd44ac7 elementor-widget__width-initial elementor-widget elementor-widget-text-editor\" data-id=\"bd44ac7\" data-element_type=\"widget\" data-widget_type=\"text-editor.default\">\n\t\t\t\t<div class=\"elementor-widget-container\">\n\t\t\t<style>\/*! elementor - v3.21.0 - 22-05-2024 *\/\n.elementor-widget-text-editor.elementor-drop-cap-view-stacked .elementor-drop-cap{background-color:#69727d;color:#fff}.elementor-widget-text-editor.elementor-drop-cap-view-framed .elementor-drop-cap{color:#69727d;border:3px solid;background-color:transparent}.elementor-widget-text-editor:not(.elementor-drop-cap-view-default) .elementor-drop-cap{margin-top:8px}.elementor-widget-text-editor:not(.elementor-drop-cap-view-default) .elementor-drop-cap-letter{width:1em;height:1em}.elementor-widget-text-editor .elementor-drop-cap{float:left;text-align:center;line-height:1;font-size:50px}.elementor-widget-text-editor .elementor-drop-cap-letter{display:inline-block}<\/style>\t\t\t\t<p style=\"text-align: center;\"><strong>Dans le monde num\u00e9rique d&#8217;aujourd&#8217;hui, un \u00e9l\u00e9ment crucial pour toute entreprise en ligne est un compte bancaire adapt\u00e9 \u00e0 ses besoins sp\u00e9cifiques. Nous comprenons parfaitement l&#8217;importance de cette \u00e9tape pour les e-commer\u00e7ants, c&#8217;est pourquoi nous offrons une expertise sp\u00e9cialis\u00e9e dans ce domaine.<\/strong><\/p>\n\n<h2>L&#8217;importance du compte bancaire pour les E-commer\u00e7ants<\/h2>\nPour les entreprises e-commerce, un compte bancaire d\u00e9di\u00e9 est bien plus qu&#8217;un simple outil financier ; c&#8217;est un pilier central de leurs op\u00e9rations commerciales en ligne. Un compte bancaire adapt\u00e9 permet une gestion efficace des transactions, une incorporation simplifi\u00e9 des outils de paiement comme Stripe ou PayPal, ainsi qu&#8217;une facilit\u00e9 accrue pour le suivi et la gestion des revenus et des d\u00e9penses.\n<h2>Options de comptes bancaires<\/h2>\nNous offrons une gamme compl\u00e8te d&#8217;options de comptes bancaires pour r\u00e9pondre aux besoins vari\u00e9s des entreprises e-commerce. Parmi nos services, nous proposons la possibilit\u00e9 d&#8217;ouvrir des comptes dans plusieurs devises, offrant ainsi une flexibilit\u00e9 accrue dans la gestion des transactions internationales et la r\u00e9ception de paiements provenant de clients du monde entier, ainsi que la possibilit\u00e9 de r\u00e9gler ses fournisseurs sans appliquer de taux de change et de frais suppl\u00e9mentaires.\nDe plus, nous sommes en mesure de vous guider dans le choix entre une banque physique traditionnelle et une banque digitale. Les banques digitales offrent souvent des avantages suppl\u00e9mentaires tels que des frais r\u00e9duits, des processus simplifi\u00e9s et une accessibilit\u00e9 24\/7 via des plateformes en ligne ou des applications mobiles.\n\n<h2>Emirates ID et ouverture de compte bancaire<\/h2>\nIl est important de noter que conform\u00e9ment \u00e0 la r\u00e9glementation en vigueur aux Emirats Arabes Unis, l&#8217;ouverture d&#8217;un compte bancaire professionnel ou personnel n\u00e9cessite l&#8217;obtention pr\u00e9alable de votre Emirates ID. Notre \u00e9quipe exp\u00e9riment\u00e9e vous accompagnera tout au long de ce processus pour garantir une ouverture de compte sans heurts et conforme \u00e0 toutes les exigences l\u00e9gales.\t\t\t\t\t\t<\/div>\n\t\t\t\t<\/div>\n\t\t\t\t<div class=\"elementor-element elementor-element-d640bec elementor-align-center elementor-tablet-align-center elementor-mobile-align-center elementor-widget elementor-widget-button\" data-id=\"d640bec\" data-element_type=\"widget\" data-settings=\"{&quot;_animation&quot;:&quot;none&quot;}\" data-widget_type=\"button.default\">\n\t\t\t\t<div class=\"elementor-widget-container\">\n\t\t\t\t\t<div class=\"elementor-button-wrapper\">\n\t\t\t<a class=\"elementor-button elementor-button-link elementor-size-sm\" href=\"#\">\n\t\t\t\t\t\t<span class=\"elementor-button-content-wrapper\">\n\t\t\t\t\t\t\t\t\t<span class=\"elementor-button-text\">Nous contacter pour l'ouverture d'un compte<\/span>\n\t\t\t\t\t<\/span>\n\t\t\t\t\t<\/a>\n\t\t<\/div>\n\t\t\t\t<\/div>\n\t\t\t\t<\/div>\n\t\t\t\t\t<\/div>\n\t\t\t\t<\/div>\n\t\t<div class=\"elementor-element elementor-element-958bcd2 e-flex e-con-boxed e-con e-parent\" data-id=\"958bcd2\" data-element_type=\"container\" data-settings=\"{&quot;jet_parallax_layout_list&quot;:[]}\">\n\t\t\t\t\t<div class=\"e-con-inner\">\n\t\t\t\t<div class=\"elementor-element elementor-element-d0f480f elementor-widget elementor-widget-image\" data-id=\"d0f480f\" data-element_type=\"widget\" data-widget_type=\"image.default\">\n\t\t\t\t<div class=\"elementor-widget-container\">\n\t\t\t\t\t\t\t\t\t\t\t\t\t<img decoding=\"async\" width=\"692\" height=\"262\" src=\"https:\/\/e-commercedubai.com\/wp-content\/uploads\/2024\/05\/top-10-Banks-in-UAE-final-01-2.png\" class=\"attachment-large size-large wp-image-203\" alt=\"\" srcset=\"https:\/\/e-commercedubai.com\/wp-content\/uploads\/2024\/05\/top-10-Banks-in-UAE-final-01-2.png 692w, https:\/\/e-commercedubai.com\/wp-content\/uploads\/2024\/05\/top-10-Banks-in-UAE-final-01-2-300x114.png 300w\" sizes=\"(max-width: 692px) 100vw, 692px\" \/>\t\t\t\t\t\t\t\t\t\t\t\t\t<\/div>\n\t\t\t\t<\/div>\n\t\t\t\t\t<\/div>\n\t\t\t\t<\/div>\n\t\t\t\t<\/div>\n\t\t","protected":false},"excerpt":{"rendered":"<p>Compte bancaire Dans le monde num\u00e9rique d&#8217;aujourd&#8217;hui, un \u00e9l\u00e9ment crucial pour toute entreprise en ligne est un compte bancaire adapt\u00e9 \u00e0 ses besoins sp\u00e9cifiques. Nous comprenons parfaitement l&#8217;importance de cette \u00e9tape pour les e-commer\u00e7ants, c&#8217;est pourquoi nous offrons une expertise sp\u00e9cialis\u00e9e dans ce domaine. L&#8217;importance du compte bancaire pour les E-commer\u00e7ants Pour les entreprises e-commerce, [&hellip;]<\/p>\n","protected":false},"author":1,"featured_media":0,"parent":0,"menu_order":0,"comment_status":"closed","ping_status":"closed","template":"","meta":{"footnotes":""},"class_list":["post-338","page","type-page","status-publish","hentry"],"yoast_head":"<!-- This site is optimized with the Yoast SEO Premium plugin v22.6 (Yoast SEO v23.1) - https:\/\/yoast.com\/wordpress\/plugins\/seo\/ -->\n<title>Compte bancaire - E-commerce Duba\u00ef<\/title>\n<meta name=\"robots\" content=\"noindex, follow, max-snippet:-1, max-image-preview:large, max-video-preview:-1\" \/>\n<meta property=\"og:locale\" content=\"en_US\" \/>\n<meta property=\"og:type\" content=\"article\" \/>\n<meta property=\"og:title\" content=\"Compte bancaire\" \/>\n<meta property=\"og:description\" content=\"Compte bancaire Dans le monde num\u00e9rique d&#8217;aujourd&#8217;hui, un \u00e9l\u00e9ment crucial pour toute entreprise en ligne est un compte bancaire adapt\u00e9 \u00e0 ses besoins sp\u00e9cifiques. Nous comprenons parfaitement l&#8217;importance de cette \u00e9tape pour les e-commer\u00e7ants, c&#8217;est pourquoi nous offrons une expertise sp\u00e9cialis\u00e9e dans ce domaine. L&#8217;importance du compte bancaire pour les E-commer\u00e7ants Pour les entreprises e-commerce, [&hellip;]\" \/>\n<meta property=\"og:url\" content=\"https:\/\/e-commercedubai.com\/en\/compte-bancaire\/\" \/>\n<meta property=\"og:site_name\" content=\"E-commerce Duba\u00ef\" \/>\n<meta property=\"og:image\" content=\"https:\/\/e-commercedubai.com\/wp-content\/uploads\/2024\/05\/credit-cards-1583534_1280-1-1024x682.jpg\" \/>\n<meta name=\"twitter:card\" content=\"summary_large_image\" \/>\n<meta name=\"twitter:label1\" content=\"Est. reading time\" \/>\n\t<meta name=\"twitter:data1\" content=\"2 minutes\" \/>\n<script type=\"application\/ld+json\" class=\"yoast-schema-graph\">{\"@context\":\"https:\/\/schema.org\",\"@graph\":[{\"@type\":\"WebPage\",\"@id\":\"https:\/\/e-commercedubai.com\/en\/compte-bancaire\/\",\"url\":\"https:\/\/e-commercedubai.com\/en\/compte-bancaire\/\",\"name\":\"Compte bancaire - E-commerce Duba\u00ef\",\"isPartOf\":{\"@id\":\"https:\/\/e-commercedubai.com\/en\/#website\"},\"primaryImageOfPage\":{\"@id\":\"https:\/\/e-commercedubai.com\/en\/compte-bancaire\/#primaryimage\"},\"image\":{\"@id\":\"https:\/\/e-commercedubai.com\/en\/compte-bancaire\/#primaryimage\"},\"thumbnailUrl\":\"https:\/\/e-commercedubai.com\/wp-content\/uploads\/2024\/05\/credit-cards-1583534_1280-1-1024x682.jpg\",\"datePublished\":\"2024-05-25T13:53:53+00:00\",\"dateModified\":\"2024-05-25T13:53:53+00:00\",\"breadcrumb\":{\"@id\":\"https:\/\/e-commercedubai.com\/en\/compte-bancaire\/#breadcrumb\"},\"inLanguage\":\"en-US\",\"potentialAction\":[{\"@type\":\"ReadAction\",\"target\":[\"https:\/\/e-commercedubai.com\/en\/compte-bancaire\/\"]}]},{\"@type\":\"ImageObject\",\"inLanguage\":\"en-US\",\"@id\":\"https:\/\/e-commercedubai.com\/en\/compte-bancaire\/#primaryimage\",\"url\":\"https:\/\/e-commercedubai.com\/wp-content\/uploads\/2024\/05\/credit-cards-1583534_1280-1-1024x682.jpg\",\"contentUrl\":\"https:\/\/e-commercedubai.com\/wp-content\/uploads\/2024\/05\/credit-cards-1583534_1280-1-1024x682.jpg\"},{\"@type\":\"BreadcrumbList\",\"@id\":\"https:\/\/e-commercedubai.com\/en\/compte-bancaire\/#breadcrumb\",\"itemListElement\":[{\"@type\":\"ListItem\",\"position\":1,\"name\":\"Accueil\",\"item\":\"https:\/\/e-commercedubai.com\/en\/\"},{\"@type\":\"ListItem\",\"position\":2,\"name\":\"Compte bancaire\"}]},{\"@type\":\"WebSite\",\"@id\":\"https:\/\/e-commercedubai.com\/en\/#website\",\"url\":\"https:\/\/e-commercedubai.com\/en\/\",\"name\":\"E-commerce Duba\u00ef\",\"description\":\"\",\"publisher\":{\"@id\":\"https:\/\/e-commercedubai.com\/en\/#organization\"},\"potentialAction\":[{\"@type\":\"SearchAction\",\"target\":{\"@type\":\"EntryPoint\",\"urlTemplate\":\"https:\/\/e-commercedubai.com\/en\/?s={search_term_string}\"},\"query-input\":\"required name=search_term_string\"}],\"inLanguage\":\"en-US\"},{\"@type\":\"Organization\",\"@id\":\"https:\/\/e-commercedubai.com\/en\/#organization\",\"name\":\"E-commerce Duba\u00ef\",\"url\":\"https:\/\/e-commercedubai.com\/en\/\",\"logo\":{\"@type\":\"ImageObject\",\"inLanguage\":\"en-US\",\"@id\":\"https:\/\/e-commercedubai.com\/en\/#\/schema\/logo\/image\/\",\"url\":\"https:\/\/e-commercedubai.com\/wp-content\/uploads\/2024\/05\/logo-ecommerce.jpg\",\"contentUrl\":\"https:\/\/e-commercedubai.com\/wp-content\/uploads\/2024\/05\/logo-ecommerce.jpg\",\"width\":300,\"height\":96,\"caption\":\"E-commerce Duba\u00ef\"},\"image\":{\"@id\":\"https:\/\/e-commercedubai.com\/en\/#\/schema\/logo\/image\/\"}}]}<\/script>\n<!-- \/ Yoast SEO Premium plugin. -->","yoast_head_json":{"title":"Compte bancaire - E-commerce Duba\u00ef","robots":{"index":"noindex","follow":"follow","max-snippet":"max-snippet:-1","max-image-preview":"max-image-preview:large","max-video-preview":"max-video-preview:-1"},"og_locale":"en_US","og_type":"article","og_title":"Compte bancaire","og_description":"Compte bancaire Dans le monde num\u00e9rique d&#8217;aujourd&#8217;hui, un \u00e9l\u00e9ment crucial pour toute entreprise en ligne est un compte bancaire adapt\u00e9 \u00e0 ses besoins sp\u00e9cifiques. Nous comprenons parfaitement l&#8217;importance de cette \u00e9tape pour les e-commer\u00e7ants, c&#8217;est pourquoi nous offrons une expertise sp\u00e9cialis\u00e9e dans ce domaine. L&#8217;importance du compte bancaire pour les E-commer\u00e7ants Pour les entreprises e-commerce, [&hellip;]","og_url":"https:\/\/e-commercedubai.com\/en\/compte-bancaire\/","og_site_name":"E-commerce Duba\u00ef","og_image":[{"url":"https:\/\/e-commercedubai.com\/wp-content\/uploads\/2024\/05\/credit-cards-1583534_1280-1-1024x682.jpg"}],"twitter_card":"summary_large_image","twitter_misc":{"Est. reading time":"2 minutes"},"schema":{"@context":"https:\/\/schema.org","@graph":[{"@type":"WebPage","@id":"https:\/\/e-commercedubai.com\/en\/compte-bancaire\/","url":"https:\/\/e-commercedubai.com\/en\/compte-bancaire\/","name":"Compte bancaire - E-commerce Duba\u00ef","isPartOf":{"@id":"https:\/\/e-commercedubai.com\/en\/#website"},"primaryImageOfPage":{"@id":"https:\/\/e-commercedubai.com\/en\/compte-bancaire\/#primaryimage"},"image":{"@id":"https:\/\/e-commercedubai.com\/en\/compte-bancaire\/#primaryimage"},"thumbnailUrl":"https:\/\/e-commercedubai.com\/wp-content\/uploads\/2024\/05\/credit-cards-1583534_1280-1-1024x682.jpg","datePublished":"2024-05-25T13:53:53+00:00","dateModified":"2024-05-25T13:53:53+00:00","breadcrumb":{"@id":"https:\/\/e-commercedubai.com\/en\/compte-bancaire\/#breadcrumb"},"inLanguage":"en-US","potentialAction":[{"@type":"ReadAction","target":["https:\/\/e-commercedubai.com\/en\/compte-bancaire\/"]}]},{"@type":"ImageObject","inLanguage":"en-US","@id":"https:\/\/e-commercedubai.com\/en\/compte-bancaire\/#primaryimage","url":"https:\/\/e-commercedubai.com\/wp-content\/uploads\/2024\/05\/credit-cards-1583534_1280-1-1024x682.jpg","contentUrl":"https:\/\/e-commercedubai.com\/wp-content\/uploads\/2024\/05\/credit-cards-1583534_1280-1-1024x682.jpg"},{"@type":"BreadcrumbList","@id":"https:\/\/e-commercedubai.com\/en\/compte-bancaire\/#breadcrumb","itemListElement":[{"@type":"ListItem","position":1,"name":"Accueil","item":"https:\/\/e-commercedubai.com\/en\/"},{"@type":"ListItem","position":2,"name":"Compte bancaire"}]},{"@type":"WebSite","@id":"https:\/\/e-commercedubai.com\/en\/#website","url":"https:\/\/e-commercedubai.com\/en\/","name":"E-commerce Duba\u00ef","description":"","publisher":{"@id":"https:\/\/e-commercedubai.com\/en\/#organization"},"potentialAction":[{"@type":"SearchAction","target":{"@type":"EntryPoint","urlTemplate":"https:\/\/e-commercedubai.com\/en\/?s={search_term_string}"},"query-input":"required name=search_term_string"}],"inLanguage":"en-US"},{"@type":"Organization","@id":"https:\/\/e-commercedubai.com\/en\/#organization","name":"E-commerce Duba\u00ef","url":"https:\/\/e-commercedubai.com\/en\/","logo":{"@type":"ImageObject","inLanguage":"en-US","@id":"https:\/\/e-commercedubai.com\/en\/#\/schema\/logo\/image\/","url":"https:\/\/e-commercedubai.com\/wp-content\/uploads\/2024\/05\/logo-ecommerce.jpg","contentUrl":"https:\/\/e-commercedubai.com\/wp-content\/uploads\/2024\/05\/logo-ecommerce.jpg","width":300,"height":96,"caption":"E-commerce Duba\u00ef"},"image":{"@id":"https:\/\/e-commercedubai.com\/en\/#\/schema\/logo\/image\/"}}]}},"_links":{"self":[{"href":"https:\/\/e-commercedubai.com\/en\/wp-json\/wp\/v2\/pages\/338","targetHints":{"allow":["GET"]}}],"collection":[{"href":"https:\/\/e-commercedubai.com\/en\/wp-json\/wp\/v2\/pages"}],"about":[{"href":"https:\/\/e-commercedubai.com\/en\/wp-json\/wp\/v2\/types\/page"}],"author":[{"embeddable":true,"href":"https:\/\/e-commercedubai.com\/en\/wp-json\/wp\/v2\/users\/1"}],"replies":[{"embeddable":true,"href":"https:\/\/e-commercedubai.com\/en\/wp-json\/wp\/v2\/comments?post=338"}],"version-history":[{"count":0,"href":"https:\/\/e-commercedubai.com\/en\/wp-json\/wp\/v2\/pages\/338\/revisions"}],"wp:attachment":[{"href":"https:\/\/e-commercedubai.com\/en\/wp-json\/wp\/v2\/media?parent=338"}],"curies":[{"name":"wp","href":"https:\/\/api.w.org\/{rel}","templated":true}]}}