{"id":340,"date":"2024-05-25T15:39:00","date_gmt":"2024-05-25T13:39:00","guid":{"rendered":"https:\/\/e-commercedubai.com\/legal\/"},"modified":"2024-05-25T15:39:00","modified_gmt":"2024-05-25T13:39:00","slug":"legal","status":"publish","type":"page","link":"https:\/\/e-commercedubai.com\/en\/legal\/","title":{"rendered":"L\u00e9gal"},"content":{"rendered":"\t\t<div data-elementor-type=\"wp-page\" data-elementor-id=\"340\" class=\"elementor elementor-340 elementor-169\" data-elementor-post-type=\"page\">\n\t\t\t\t<div class=\"elementor-element elementor-element-68fa7df0 e-flex e-con-boxed e-con e-parent\" data-id=\"68fa7df0\" data-element_type=\"container\" data-settings=\"{&quot;background_background&quot;:&quot;classic&quot;,&quot;jet_parallax_layout_list&quot;:[]}\">\n\t\t\t\t\t<div class=\"e-con-inner\">\n\t\t\t\t<div class=\"elementor-element elementor-element-4dc6ac50 elementor-widget elementor-widget-heading\" data-id=\"4dc6ac50\" data-element_type=\"widget\" data-widget_type=\"heading.default\">\n\t\t\t\t<div class=\"elementor-widget-container\">\n\t\t\t<style>\/*! elementor - v3.21.0 - 22-05-2024 *\/\n.elementor-heading-title{padding:0;margin:0;line-height:1}.elementor-widget-heading .elementor-heading-title[class*=elementor-size-]>a{color:inherit;font-size:inherit;line-height:inherit}.elementor-widget-heading .elementor-heading-title.elementor-size-small{font-size:15px}.elementor-widget-heading .elementor-heading-title.elementor-size-medium{font-size:19px}.elementor-widget-heading .elementor-heading-title.elementor-size-large{font-size:29px}.elementor-widget-heading .elementor-heading-title.elementor-size-xl{font-size:39px}.elementor-widget-heading .elementor-heading-title.elementor-size-xxl{font-size:59px}<\/style><h1 class=\"elementor-heading-title elementor-size-default\">L\u00e9gal<\/h1>\t\t<\/div>\n\t\t\t\t<\/div>\n\t\t\t\t\t<\/div>\n\t\t\t\t<\/div>\n\t\t<div class=\"elementor-element elementor-element-38566ffc e-con-full e-flex e-con e-parent\" data-id=\"38566ffc\" data-element_type=\"container\" data-settings=\"{&quot;background_background&quot;:&quot;classic&quot;,&quot;jet_parallax_layout_list&quot;:[]}\">\n\t\t\t\t<div class=\"elementor-element elementor-element-33e4f9b6 elementor-widget elementor-widget-image\" data-id=\"33e4f9b6\" data-element_type=\"widget\" data-widget_type=\"image.default\">\n\t\t\t\t<div class=\"elementor-widget-container\">\n\t\t\t<style>\/*! elementor - v3.21.0 - 22-05-2024 *\/\n.elementor-widget-image{text-align:center}.elementor-widget-image a{display:inline-block}.elementor-widget-image a img[src$=\".svg\"]{width:48px}.elementor-widget-image img{vertical-align:middle;display:inline-block}<\/style>\t\t\t\t\t\t\t\t\t\t<img fetchpriority=\"high\" decoding=\"async\" width=\"800\" height=\"533\" src=\"https:\/\/e-commercedubai.com\/wp-content\/uploads\/2024\/05\/legal-5293009_1280-1024x682.jpg\" class=\"attachment-large size-large wp-image-172\" alt=\"\" srcset=\"https:\/\/e-commercedubai.com\/wp-content\/uploads\/2024\/05\/legal-5293009_1280-1024x682.jpg 1024w, https:\/\/e-commercedubai.com\/wp-content\/uploads\/2024\/05\/legal-5293009_1280-300x200.jpg 300w, https:\/\/e-commercedubai.com\/wp-content\/uploads\/2024\/05\/legal-5293009_1280-768x512.jpg 768w, https:\/\/e-commercedubai.com\/wp-content\/uploads\/2024\/05\/legal-5293009_1280.jpg 1280w\" sizes=\"(max-width: 800px) 100vw, 800px\" \/>\t\t\t\t\t\t\t\t\t\t\t\t\t<\/div>\n\t\t\t\t<\/div>\n\t\t\t\t<\/div>\n\t\t<div class=\"elementor-element elementor-element-39bfc803 e-flex e-con-boxed e-con e-parent\" data-id=\"39bfc803\" data-element_type=\"container\" data-settings=\"{&quot;jet_parallax_layout_list&quot;:[]}\">\n\t\t\t\t\t<div class=\"e-con-inner\">\n\t\t<div class=\"elementor-element elementor-element-3e890133 e-con-full e-flex elementor-invisible e-con e-child\" data-id=\"3e890133\" data-element_type=\"container\" data-settings=\"{&quot;jet_parallax_layout_list&quot;:[],&quot;animation&quot;:&quot;fadeInLeft&quot;}\">\n\t\t\t\t<div class=\"elementor-element elementor-element-7c6eb764 elementor-widget elementor-widget-image\" data-id=\"7c6eb764\" data-element_type=\"widget\" data-widget_type=\"image.default\">\n\t\t\t\t<div class=\"elementor-widget-container\">\n\t\t\t\t\t\t\t\t\t\t\t\t\t<img decoding=\"async\" width=\"800\" height=\"800\" src=\"https:\/\/e-commercedubai.com\/wp-content\/uploads\/2024\/05\/Tax-Design.jpg\" class=\"attachment-large size-large wp-image-193\" alt=\"\" srcset=\"https:\/\/e-commercedubai.com\/wp-content\/uploads\/2024\/05\/Tax-Design.jpg 1000w, https:\/\/e-commercedubai.com\/wp-content\/uploads\/2024\/05\/Tax-Design-300x300.jpg 300w, https:\/\/e-commercedubai.com\/wp-content\/uploads\/2024\/05\/Tax-Design-150x150.jpg 150w, https:\/\/e-commercedubai.com\/wp-content\/uploads\/2024\/05\/Tax-Design-768x768.jpg 768w\" sizes=\"(max-width: 800px) 100vw, 800px\" \/>\t\t\t\t\t\t\t\t\t\t\t\t\t<\/div>\n\t\t\t\t<\/div>\n\t\t\t\t<\/div>\n\t\t<div class=\"elementor-element elementor-element-39fffde5 e-con-full e-flex elementor-invisible e-con e-child\" data-id=\"39fffde5\" data-element_type=\"container\" data-settings=\"{&quot;jet_parallax_layout_list&quot;:[],&quot;animation&quot;:&quot;fadeInRight&quot;}\">\n\t\t\t\t<div class=\"elementor-element elementor-element-199f5815 elementor-widget elementor-widget-heading\" data-id=\"199f5815\" data-element_type=\"widget\" data-widget_type=\"heading.default\">\n\t\t\t\t<div class=\"elementor-widget-container\">\n\t\t\t<h3 class=\"elementor-heading-title elementor-size-default\">Fiscalit\u00e9<\/h3>\t\t<\/div>\n\t\t\t\t<\/div>\n\t\t\t\t<div class=\"elementor-element elementor-element-5054a0c7 elementor-widget elementor-widget-text-editor\" data-id=\"5054a0c7\" data-element_type=\"widget\" data-widget_type=\"text-editor.default\">\n\t\t\t\t<div class=\"elementor-widget-container\">\n\t\t\t<style>\/*! elementor - v3.21.0 - 22-05-2024 *\/\n.elementor-widget-text-editor.elementor-drop-cap-view-stacked .elementor-drop-cap{background-color:#69727d;color:#fff}.elementor-widget-text-editor.elementor-drop-cap-view-framed .elementor-drop-cap{color:#69727d;border:3px solid;background-color:transparent}.elementor-widget-text-editor:not(.elementor-drop-cap-view-default) .elementor-drop-cap{margin-top:8px}.elementor-widget-text-editor:not(.elementor-drop-cap-view-default) .elementor-drop-cap-letter{width:1em;height:1em}.elementor-widget-text-editor .elementor-drop-cap{float:left;text-align:center;line-height:1;font-size:50px}.elementor-widget-text-editor .elementor-drop-cap-letter{display:inline-block}<\/style>\t\t\t\t<ul><li>Enregistrement soci\u00e9t\u00e9 au service tax UAE<\/li><li>Taux TVA applicable et d\u00e9claration<\/li><li>D\u00e9claration annuelle<\/li><li>Convention fiscale entre pays<\/li><\/ul><p>\u00a0<\/p><p>G\u00e9rer efficacement la TVA, les d\u00e9clarations de revenus et autres aspects fiscaux est essentiel pour maintenir la sant\u00e9 financi\u00e8re d\u2019une entreprise E-commerce.<\/p>\t\t\t\t\t\t<\/div>\n\t\t\t\t<\/div>\n\t\t\t\t<div class=\"elementor-element elementor-element-f62725a elementor-align-center elementor-tablet-align-center elementor-mobile-align-center elementor-widget elementor-widget-button\" data-id=\"f62725a\" data-element_type=\"widget\" data-settings=\"{&quot;_animation&quot;:&quot;none&quot;}\" data-widget_type=\"button.default\">\n\t\t\t\t<div class=\"elementor-widget-container\">\n\t\t\t\t\t<div class=\"elementor-button-wrapper\">\n\t\t\t<a class=\"elementor-button elementor-button-link elementor-size-sm\" href=\"#\">\n\t\t\t\t\t\t<span class=\"elementor-button-content-wrapper\">\n\t\t\t\t\t\t\t\t\t<span class=\"elementor-button-text\">En savoir plus sur la fiscalit\u00e9<\/span>\n\t\t\t\t\t<\/span>\n\t\t\t\t\t<\/a>\n\t\t<\/div>\n\t\t\t\t<\/div>\n\t\t\t\t<\/div>\n\t\t\t\t<\/div>\n\t\t\t\t\t<\/div>\n\t\t\t\t<\/div>\n\t\t<div class=\"elementor-element elementor-element-a71a390 e-flex e-con-boxed e-con e-parent\" data-id=\"a71a390\" data-element_type=\"container\" data-settings=\"{&quot;jet_parallax_layout_list&quot;:[]}\">\n\t\t\t\t\t<div class=\"e-con-inner\">\n\t\t<div class=\"elementor-element elementor-element-0d71323 e-con-full e-flex elementor-invisible e-con e-child\" data-id=\"0d71323\" data-element_type=\"container\" data-settings=\"{&quot;jet_parallax_layout_list&quot;:[],&quot;animation&quot;:&quot;fadeInLeft&quot;}\">\n\t\t\t\t<div class=\"elementor-element elementor-element-603930d elementor-widget elementor-widget-heading\" data-id=\"603930d\" data-element_type=\"widget\" data-widget_type=\"heading.default\">\n\t\t\t\t<div class=\"elementor-widget-container\">\n\t\t\t<h3 class=\"elementor-heading-title elementor-size-default\">Contrats<\/h3>\t\t<\/div>\n\t\t\t\t<\/div>\n\t\t\t\t<div class=\"elementor-element elementor-element-344aec7 elementor-widget elementor-widget-text-editor\" data-id=\"344aec7\" data-element_type=\"widget\" data-widget_type=\"text-editor.default\">\n\t\t\t\t<div class=\"elementor-widget-container\">\n\t\t\t\t\t\t\t<p>Que ce soit pour contractualis\u00e9 une relation avec des fournisseurs, des prestataires freelances, des influenceurs pour la promotion de vos produits, ou encore des contrats de travail, cet aspect rev\u00eat une importance cruciale dans l&#8217;entreprise moderne.<\/p>\t\t\t\t\t\t<\/div>\n\t\t\t\t<\/div>\n\t\t\t\t<div class=\"elementor-element elementor-element-3588582 elementor-align-center elementor-tablet-align-center elementor-mobile-align-center elementor-widget elementor-widget-button\" data-id=\"3588582\" data-element_type=\"widget\" data-settings=\"{&quot;_animation&quot;:&quot;none&quot;}\" data-widget_type=\"button.default\">\n\t\t\t\t<div class=\"elementor-widget-container\">\n\t\t\t\t\t<div class=\"elementor-button-wrapper\">\n\t\t\t<a class=\"elementor-button elementor-button-link elementor-size-sm\" href=\"#\">\n\t\t\t\t\t\t<span class=\"elementor-button-content-wrapper\">\n\t\t\t\t\t\t\t\t\t<span class=\"elementor-button-text\">En savoir plus sur les contrats<\/span>\n\t\t\t\t\t<\/span>\n\t\t\t\t\t<\/a>\n\t\t<\/div>\n\t\t\t\t<\/div>\n\t\t\t\t<\/div>\n\t\t\t\t<\/div>\n\t\t<div class=\"elementor-element elementor-element-756a994 e-con-full e-flex elementor-invisible e-con e-child\" data-id=\"756a994\" data-element_type=\"container\" data-settings=\"{&quot;jet_parallax_layout_list&quot;:[],&quot;animation&quot;:&quot;fadeInRight&quot;}\">\n\t\t\t\t<div class=\"elementor-element elementor-element-63d1556 elementor-widget elementor-widget-image\" data-id=\"63d1556\" data-element_type=\"widget\" data-widget_type=\"image.default\">\n\t\t\t\t<div class=\"elementor-widget-container\">\n\t\t\t\t\t\t\t\t\t\t\t\t\t<img decoding=\"async\" width=\"800\" height=\"800\" src=\"https:\/\/e-commercedubai.com\/wp-content\/uploads\/2024\/05\/Avocats-contrats.jpg\" class=\"attachment-large size-large wp-image-191\" alt=\"\" srcset=\"https:\/\/e-commercedubai.com\/wp-content\/uploads\/2024\/05\/Avocats-contrats.jpg 1000w, https:\/\/e-commercedubai.com\/wp-content\/uploads\/2024\/05\/Avocats-contrats-300x300.jpg 300w, https:\/\/e-commercedubai.com\/wp-content\/uploads\/2024\/05\/Avocats-contrats-150x150.jpg 150w, https:\/\/e-commercedubai.com\/wp-content\/uploads\/2024\/05\/Avocats-contrats-768x768.jpg 768w\" sizes=\"(max-width: 800px) 100vw, 800px\" \/>\t\t\t\t\t\t\t\t\t\t\t\t\t<\/div>\n\t\t\t\t<\/div>\n\t\t\t\t<\/div>\n\t\t\t\t\t<\/div>\n\t\t\t\t<\/div>\n\t\t<div class=\"elementor-element elementor-element-84a17a2 e-flex e-con-boxed e-con e-parent\" data-id=\"84a17a2\" data-element_type=\"container\" data-settings=\"{&quot;jet_parallax_layout_list&quot;:[]}\">\n\t\t\t\t\t<div class=\"e-con-inner\">\n\t\t<div class=\"elementor-element elementor-element-53f3441 e-con-full e-flex elementor-invisible e-con e-child\" data-id=\"53f3441\" data-element_type=\"container\" data-settings=\"{&quot;jet_parallax_layout_list&quot;:[],&quot;animation&quot;:&quot;fadeInLeft&quot;}\">\n\t\t\t\t<div class=\"elementor-element elementor-element-9dd7609 elementor-widget elementor-widget-image\" data-id=\"9dd7609\" data-element_type=\"widget\" data-widget_type=\"image.default\">\n\t\t\t\t<div class=\"elementor-widget-container\">\n\t\t\t\t\t\t\t\t\t\t\t\t\t<img loading=\"lazy\" decoding=\"async\" width=\"800\" height=\"800\" src=\"https:\/\/e-commercedubai.com\/wp-content\/uploads\/2024\/05\/Boussole-rules.jpg\" class=\"attachment-large size-large wp-image-192\" alt=\"\" srcset=\"https:\/\/e-commercedubai.com\/wp-content\/uploads\/2024\/05\/Boussole-rules.jpg 1000w, https:\/\/e-commercedubai.com\/wp-content\/uploads\/2024\/05\/Boussole-rules-300x300.jpg 300w, https:\/\/e-commercedubai.com\/wp-content\/uploads\/2024\/05\/Boussole-rules-150x150.jpg 150w, https:\/\/e-commercedubai.com\/wp-content\/uploads\/2024\/05\/Boussole-rules-768x768.jpg 768w\" sizes=\"(max-width: 800px) 100vw, 800px\" \/>\t\t\t\t\t\t\t\t\t\t\t\t\t<\/div>\n\t\t\t\t<\/div>\n\t\t\t\t<\/div>\n\t\t<div class=\"elementor-element elementor-element-a362a2d e-con-full e-flex elementor-invisible e-con e-child\" data-id=\"a362a2d\" data-element_type=\"container\" data-settings=\"{&quot;jet_parallax_layout_list&quot;:[],&quot;animation&quot;:&quot;fadeInRight&quot;}\">\n\t\t\t\t<div class=\"elementor-element elementor-element-0228d27 elementor-widget elementor-widget-heading\" data-id=\"0228d27\" data-element_type=\"widget\" data-widget_type=\"heading.default\">\n\t\t\t\t<div class=\"elementor-widget-container\">\n\t\t\t<h3 class=\"elementor-heading-title elementor-size-default\">R\u00e9glementation<\/h3>\t\t<\/div>\n\t\t\t\t<\/div>\n\t\t\t\t<div class=\"elementor-element elementor-element-522ad5e elementor-widget elementor-widget-text-editor\" data-id=\"522ad5e\" data-element_type=\"widget\" data-widget_type=\"text-editor.default\">\n\t\t\t\t<div class=\"elementor-widget-container\">\n\t\t\t\t\t\t\t<p>Naviguer \u00e0 travers la r\u00e9glementation des \u00c9mirats arabes unis, un pays relativement jeune, peut parfois s&#8217;av\u00e9rer complexe.<\/p><p>Pour vous guider \u00e0 travers ces r\u00e9glementations locales ainsi que celles li\u00e9es \u00e0 vos activit\u00e9s internationales, notre \u00e9quipe sera votre boussole.<\/p><p>Nous vous indiquerons les points de vigilance de tout types, vous permettant ainsi de vous concentrer pleinement sur le c\u0153ur de votre activit\u00e9.<\/p>\t\t\t\t\t\t<\/div>\n\t\t\t\t<\/div>\n\t\t\t\t<div class=\"elementor-element elementor-element-14cc055 elementor-align-center elementor-tablet-align-center elementor-mobile-align-center elementor-widget elementor-widget-button\" data-id=\"14cc055\" data-element_type=\"widget\" data-settings=\"{&quot;_animation&quot;:&quot;none&quot;}\" data-widget_type=\"button.default\">\n\t\t\t\t<div class=\"elementor-widget-container\">\n\t\t\t\t\t<div class=\"elementor-button-wrapper\">\n\t\t\t<a class=\"elementor-button elementor-button-link elementor-size-sm\" href=\"#\">\n\t\t\t\t\t\t<span class=\"elementor-button-content-wrapper\">\n\t\t\t\t\t\t\t\t\t<span class=\"elementor-button-text\">En savoir plus<\/span>\n\t\t\t\t\t<\/span>\n\t\t\t\t\t<\/a>\n\t\t<\/div>\n\t\t\t\t<\/div>\n\t\t\t\t<\/div>\n\t\t\t\t<\/div>\n\t\t\t\t\t<\/div>\n\t\t\t\t<\/div>\n\t\t\t\t<\/div>\n\t\t","protected":false},"excerpt":{"rendered":"<p>L\u00e9gal Fiscalit\u00e9 Enregistrement soci\u00e9t\u00e9 au service tax UAE Taux TVA applicable et d\u00e9claration D\u00e9claration annuelle Convention fiscale entre pays \u00a0 G\u00e9rer efficacement la TVA, les d\u00e9clarations de revenus et autres aspects fiscaux est essentiel pour maintenir la sant\u00e9 financi\u00e8re d\u2019une entreprise E-commerce. En savoir plus sur la fiscalit\u00e9 Contrats Que ce soit pour contractualis\u00e9 une [&hellip;]<\/p>\n","protected":false},"author":1,"featured_media":0,"parent":0,"menu_order":0,"comment_status":"closed","ping_status":"closed","template":"","meta":{"footnotes":""},"class_list":["post-340","page","type-page","status-publish","hentry"],"yoast_head":"<!-- This site is optimized with the Yoast SEO Premium plugin v22.6 (Yoast SEO v23.1) - https:\/\/yoast.com\/wordpress\/plugins\/seo\/ -->\n<title>L\u00e9gal - E-commerce Duba\u00ef<\/title>\n<meta name=\"robots\" content=\"noindex, follow, max-snippet:-1, max-image-preview:large, max-video-preview:-1\" \/>\n<meta property=\"og:locale\" content=\"en_US\" \/>\n<meta property=\"og:type\" content=\"article\" \/>\n<meta property=\"og:title\" content=\"L\u00e9gal\" \/>\n<meta property=\"og:description\" content=\"L\u00e9gal Fiscalit\u00e9 Enregistrement soci\u00e9t\u00e9 au service tax UAE Taux TVA applicable et d\u00e9claration D\u00e9claration annuelle Convention fiscale entre pays \u00a0 G\u00e9rer efficacement la TVA, les d\u00e9clarations de revenus et autres aspects fiscaux est essentiel pour maintenir la sant\u00e9 financi\u00e8re d\u2019une entreprise E-commerce. En savoir plus sur la fiscalit\u00e9 Contrats Que ce soit pour contractualis\u00e9 une [&hellip;]\" \/>\n<meta property=\"og:url\" content=\"https:\/\/e-commercedubai.com\/en\/legal\/\" \/>\n<meta property=\"og:site_name\" content=\"E-commerce Duba\u00ef\" \/>\n<meta property=\"og:image\" content=\"https:\/\/e-commercedubai.com\/wp-content\/uploads\/2024\/05\/legal-5293009_1280-1024x682.jpg\" \/>\n<meta name=\"twitter:card\" content=\"summary_large_image\" \/>\n<meta name=\"twitter:label1\" content=\"Est. reading time\" \/>\n\t<meta name=\"twitter:data1\" content=\"1 minute\" \/>\n<script type=\"application\/ld+json\" class=\"yoast-schema-graph\">{\"@context\":\"https:\/\/schema.org\",\"@graph\":[{\"@type\":\"WebPage\",\"@id\":\"https:\/\/e-commercedubai.com\/en\/legal\/\",\"url\":\"https:\/\/e-commercedubai.com\/en\/legal\/\",\"name\":\"L\u00e9gal - E-commerce Duba\u00ef\",\"isPartOf\":{\"@id\":\"https:\/\/e-commercedubai.com\/en\/#website\"},\"primaryImageOfPage\":{\"@id\":\"https:\/\/e-commercedubai.com\/en\/legal\/#primaryimage\"},\"image\":{\"@id\":\"https:\/\/e-commercedubai.com\/en\/legal\/#primaryimage\"},\"thumbnailUrl\":\"https:\/\/e-commercedubai.com\/wp-content\/uploads\/2024\/05\/legal-5293009_1280-1024x682.jpg\",\"datePublished\":\"2024-05-25T13:39:00+00:00\",\"dateModified\":\"2024-05-25T13:39:00+00:00\",\"breadcrumb\":{\"@id\":\"https:\/\/e-commercedubai.com\/en\/legal\/#breadcrumb\"},\"inLanguage\":\"en-US\",\"potentialAction\":[{\"@type\":\"ReadAction\",\"target\":[\"https:\/\/e-commercedubai.com\/en\/legal\/\"]}]},{\"@type\":\"ImageObject\",\"inLanguage\":\"en-US\",\"@id\":\"https:\/\/e-commercedubai.com\/en\/legal\/#primaryimage\",\"url\":\"https:\/\/e-commercedubai.com\/wp-content\/uploads\/2024\/05\/legal-5293009_1280-1024x682.jpg\",\"contentUrl\":\"https:\/\/e-commercedubai.com\/wp-content\/uploads\/2024\/05\/legal-5293009_1280-1024x682.jpg\"},{\"@type\":\"BreadcrumbList\",\"@id\":\"https:\/\/e-commercedubai.com\/en\/legal\/#breadcrumb\",\"itemListElement\":[{\"@type\":\"ListItem\",\"position\":1,\"name\":\"Accueil\",\"item\":\"https:\/\/e-commercedubai.com\/en\/\"},{\"@type\":\"ListItem\",\"position\":2,\"name\":\"L\u00e9gal\"}]},{\"@type\":\"WebSite\",\"@id\":\"https:\/\/e-commercedubai.com\/en\/#website\",\"url\":\"https:\/\/e-commercedubai.com\/en\/\",\"name\":\"E-commerce Duba\u00ef\",\"description\":\"\",\"publisher\":{\"@id\":\"https:\/\/e-commercedubai.com\/en\/#organization\"},\"potentialAction\":[{\"@type\":\"SearchAction\",\"target\":{\"@type\":\"EntryPoint\",\"urlTemplate\":\"https:\/\/e-commercedubai.com\/en\/?s={search_term_string}\"},\"query-input\":\"required name=search_term_string\"}],\"inLanguage\":\"en-US\"},{\"@type\":\"Organization\",\"@id\":\"https:\/\/e-commercedubai.com\/en\/#organization\",\"name\":\"E-commerce Duba\u00ef\",\"url\":\"https:\/\/e-commercedubai.com\/en\/\",\"logo\":{\"@type\":\"ImageObject\",\"inLanguage\":\"en-US\",\"@id\":\"https:\/\/e-commercedubai.com\/en\/#\/schema\/logo\/image\/\",\"url\":\"https:\/\/e-commercedubai.com\/wp-content\/uploads\/2024\/05\/logo-ecommerce.jpg\",\"contentUrl\":\"https:\/\/e-commercedubai.com\/wp-content\/uploads\/2024\/05\/logo-ecommerce.jpg\",\"width\":300,\"height\":96,\"caption\":\"E-commerce Duba\u00ef\"},\"image\":{\"@id\":\"https:\/\/e-commercedubai.com\/en\/#\/schema\/logo\/image\/\"}}]}<\/script>\n<!-- \/ Yoast SEO Premium plugin. -->","yoast_head_json":{"title":"L\u00e9gal - E-commerce Duba\u00ef","robots":{"index":"noindex","follow":"follow","max-snippet":"max-snippet:-1","max-image-preview":"max-image-preview:large","max-video-preview":"max-video-preview:-1"},"og_locale":"en_US","og_type":"article","og_title":"L\u00e9gal","og_description":"L\u00e9gal Fiscalit\u00e9 Enregistrement soci\u00e9t\u00e9 au service tax UAE Taux TVA applicable et d\u00e9claration D\u00e9claration annuelle Convention fiscale entre pays \u00a0 G\u00e9rer efficacement la TVA, les d\u00e9clarations de revenus et autres aspects fiscaux est essentiel pour maintenir la sant\u00e9 financi\u00e8re d\u2019une entreprise E-commerce. En savoir plus sur la fiscalit\u00e9 Contrats Que ce soit pour contractualis\u00e9 une [&hellip;]","og_url":"https:\/\/e-commercedubai.com\/en\/legal\/","og_site_name":"E-commerce Duba\u00ef","og_image":[{"url":"https:\/\/e-commercedubai.com\/wp-content\/uploads\/2024\/05\/legal-5293009_1280-1024x682.jpg"}],"twitter_card":"summary_large_image","twitter_misc":{"Est. reading time":"1 minute"},"schema":{"@context":"https:\/\/schema.org","@graph":[{"@type":"WebPage","@id":"https:\/\/e-commercedubai.com\/en\/legal\/","url":"https:\/\/e-commercedubai.com\/en\/legal\/","name":"L\u00e9gal - E-commerce Duba\u00ef","isPartOf":{"@id":"https:\/\/e-commercedubai.com\/en\/#website"},"primaryImageOfPage":{"@id":"https:\/\/e-commercedubai.com\/en\/legal\/#primaryimage"},"image":{"@id":"https:\/\/e-commercedubai.com\/en\/legal\/#primaryimage"},"thumbnailUrl":"https:\/\/e-commercedubai.com\/wp-content\/uploads\/2024\/05\/legal-5293009_1280-1024x682.jpg","datePublished":"2024-05-25T13:39:00+00:00","dateModified":"2024-05-25T13:39:00+00:00","breadcrumb":{"@id":"https:\/\/e-commercedubai.com\/en\/legal\/#breadcrumb"},"inLanguage":"en-US","potentialAction":[{"@type":"ReadAction","target":["https:\/\/e-commercedubai.com\/en\/legal\/"]}]},{"@type":"ImageObject","inLanguage":"en-US","@id":"https:\/\/e-commercedubai.com\/en\/legal\/#primaryimage","url":"https:\/\/e-commercedubai.com\/wp-content\/uploads\/2024\/05\/legal-5293009_1280-1024x682.jpg","contentUrl":"https:\/\/e-commercedubai.com\/wp-content\/uploads\/2024\/05\/legal-5293009_1280-1024x682.jpg"},{"@type":"BreadcrumbList","@id":"https:\/\/e-commercedubai.com\/en\/legal\/#breadcrumb","itemListElement":[{"@type":"ListItem","position":1,"name":"Accueil","item":"https:\/\/e-commercedubai.com\/en\/"},{"@type":"ListItem","position":2,"name":"L\u00e9gal"}]},{"@type":"WebSite","@id":"https:\/\/e-commercedubai.com\/en\/#website","url":"https:\/\/e-commercedubai.com\/en\/","name":"E-commerce Duba\u00ef","description":"","publisher":{"@id":"https:\/\/e-commercedubai.com\/en\/#organization"},"potentialAction":[{"@type":"SearchAction","target":{"@type":"EntryPoint","urlTemplate":"https:\/\/e-commercedubai.com\/en\/?s={search_term_string}"},"query-input":"required name=search_term_string"}],"inLanguage":"en-US"},{"@type":"Organization","@id":"https:\/\/e-commercedubai.com\/en\/#organization","name":"E-commerce Duba\u00ef","url":"https:\/\/e-commercedubai.com\/en\/","logo":{"@type":"ImageObject","inLanguage":"en-US","@id":"https:\/\/e-commercedubai.com\/en\/#\/schema\/logo\/image\/","url":"https:\/\/e-commercedubai.com\/wp-content\/uploads\/2024\/05\/logo-ecommerce.jpg","contentUrl":"https:\/\/e-commercedubai.com\/wp-content\/uploads\/2024\/05\/logo-ecommerce.jpg","width":300,"height":96,"caption":"E-commerce Duba\u00ef"},"image":{"@id":"https:\/\/e-commercedubai.com\/en\/#\/schema\/logo\/image\/"}}]}},"_links":{"self":[{"href":"https:\/\/e-commercedubai.com\/en\/wp-json\/wp\/v2\/pages\/340","targetHints":{"allow":["GET"]}}],"collection":[{"href":"https:\/\/e-commercedubai.com\/en\/wp-json\/wp\/v2\/pages"}],"about":[{"href":"https:\/\/e-commercedubai.com\/en\/wp-json\/wp\/v2\/types\/page"}],"author":[{"embeddable":true,"href":"https:\/\/e-commercedubai.com\/en\/wp-json\/wp\/v2\/users\/1"}],"replies":[{"embeddable":true,"href":"https:\/\/e-commercedubai.com\/en\/wp-json\/wp\/v2\/comments?post=340"}],"version-history":[{"count":0,"href":"https:\/\/e-commercedubai.com\/en\/wp-json\/wp\/v2\/pages\/340\/revisions"}],"wp:attachment":[{"href":"https:\/\/e-commercedubai.com\/en\/wp-json\/wp\/v2\/media?parent=340"}],"curies":[{"name":"wp","href":"https:\/\/api.w.org\/{rel}","templated":true}]}}