{"id":341,"date":"2024-05-25T14:56:15","date_gmt":"2024-05-25T12:56:15","guid":{"rendered":"https:\/\/e-commercedubai.com\/visa-residence\/"},"modified":"2024-05-25T14:56:15","modified_gmt":"2024-05-25T12:56:15","slug":"visa-residence","status":"publish","type":"page","link":"https:\/\/e-commercedubai.com\/en\/visa-residence\/","title":{"rendered":"Visa r\u00e9sidence"},"content":{"rendered":"\t\t<div data-elementor-type=\"wp-page\" data-elementor-id=\"341\" class=\"elementor elementor-341 elementor-143\" data-elementor-post-type=\"page\">\n\t\t\t\t<div class=\"elementor-element elementor-element-68fa7df0 e-flex e-con-boxed e-con e-parent\" data-id=\"68fa7df0\" data-element_type=\"container\" data-settings=\"{&quot;background_background&quot;:&quot;classic&quot;,&quot;jet_parallax_layout_list&quot;:[]}\">\n\t\t\t\t\t<div class=\"e-con-inner\">\n\t\t\t\t<div class=\"elementor-element elementor-element-4dc6ac50 elementor-widget elementor-widget-heading\" data-id=\"4dc6ac50\" data-element_type=\"widget\" data-widget_type=\"heading.default\">\n\t\t\t\t<div class=\"elementor-widget-container\">\n\t\t\t<style>\/*! elementor - v3.21.0 - 22-05-2024 *\/\n.elementor-heading-title{padding:0;margin:0;line-height:1}.elementor-widget-heading .elementor-heading-title[class*=elementor-size-]>a{color:inherit;font-size:inherit;line-height:inherit}.elementor-widget-heading .elementor-heading-title.elementor-size-small{font-size:15px}.elementor-widget-heading .elementor-heading-title.elementor-size-medium{font-size:19px}.elementor-widget-heading .elementor-heading-title.elementor-size-large{font-size:29px}.elementor-widget-heading .elementor-heading-title.elementor-size-xl{font-size:39px}.elementor-widget-heading .elementor-heading-title.elementor-size-xxl{font-size:59px}<\/style><h1 class=\"elementor-heading-title elementor-size-default\">Visa r\u00e9sidence<\/h1>\t\t<\/div>\n\t\t\t\t<\/div>\n\t\t\t\t<div class=\"elementor-element elementor-element-0049dbc elementor-align-center elementor-tablet-align-center elementor-mobile-align-center elementor-widget elementor-widget-button\" data-id=\"0049dbc\" data-element_type=\"widget\" data-settings=\"{&quot;_animation&quot;:&quot;none&quot;}\" data-widget_type=\"button.default\">\n\t\t\t\t<div class=\"elementor-widget-container\">\n\t\t\t\t\t<div class=\"elementor-button-wrapper\">\n\t\t\t<a class=\"elementor-button elementor-button-link elementor-size-sm\" href=\"#\">\n\t\t\t\t\t\t<span class=\"elementor-button-content-wrapper\">\n\t\t\t\t\t\t\t\t\t<span class=\"elementor-button-text\">En savoir plus<\/span>\n\t\t\t\t\t<\/span>\n\t\t\t\t\t<\/a>\n\t\t<\/div>\n\t\t\t\t<\/div>\n\t\t\t\t<\/div>\n\t\t\t\t\t<\/div>\n\t\t\t\t<\/div>\n\t\t<div class=\"elementor-element elementor-element-38566ffc e-con-full e-flex e-con e-parent\" data-id=\"38566ffc\" data-element_type=\"container\" data-settings=\"{&quot;background_background&quot;:&quot;classic&quot;,&quot;jet_parallax_layout_list&quot;:[]}\">\n\t\t\t\t<div class=\"elementor-element elementor-element-33e4f9b6 elementor-widget elementor-widget-image\" data-id=\"33e4f9b6\" data-element_type=\"widget\" data-widget_type=\"image.default\">\n\t\t\t\t<div class=\"elementor-widget-container\">\n\t\t\t<style>\/*! elementor - v3.21.0 - 22-05-2024 *\/\n.elementor-widget-image{text-align:center}.elementor-widget-image a{display:inline-block}.elementor-widget-image a img[src$=\".svg\"]{width:48px}.elementor-widget-image img{vertical-align:middle;display:inline-block}<\/style>\t\t\t\t\t\t\t\t\t\t<img fetchpriority=\"high\" decoding=\"async\" width=\"800\" height=\"451\" src=\"https:\/\/e-commercedubai.com\/wp-content\/uploads\/2024\/05\/visa-3109800_1280-1024x577.jpg\" class=\"attachment-large size-large wp-image-152\" alt=\"\" srcset=\"https:\/\/e-commercedubai.com\/wp-content\/uploads\/2024\/05\/visa-3109800_1280-1024x577.jpg 1024w, https:\/\/e-commercedubai.com\/wp-content\/uploads\/2024\/05\/visa-3109800_1280-300x169.jpg 300w, https:\/\/e-commercedubai.com\/wp-content\/uploads\/2024\/05\/visa-3109800_1280-768x433.jpg 768w, https:\/\/e-commercedubai.com\/wp-content\/uploads\/2024\/05\/visa-3109800_1280.jpg 1280w\" sizes=\"(max-width: 800px) 100vw, 800px\" \/>\t\t\t\t\t\t\t\t\t\t\t\t\t<\/div>\n\t\t\t\t<\/div>\n\t\t\t\t<\/div>\n\t\t<div class=\"elementor-element elementor-element-39bfc803 e-flex e-con-boxed e-con e-parent\" data-id=\"39bfc803\" data-element_type=\"container\" data-settings=\"{&quot;jet_parallax_layout_list&quot;:[]}\">\n\t\t\t\t\t<div class=\"e-con-inner\">\n\t\t<div class=\"elementor-element elementor-element-3e890133 e-con-full e-flex elementor-invisible e-con e-child\" data-id=\"3e890133\" data-element_type=\"container\" data-settings=\"{&quot;jet_parallax_layout_list&quot;:[],&quot;animation&quot;:&quot;fadeInLeft&quot;}\">\n\t\t\t\t<div class=\"elementor-element elementor-element-7c6eb764 elementor-widget elementor-widget-image\" data-id=\"7c6eb764\" data-element_type=\"widget\" data-widget_type=\"image.default\">\n\t\t\t\t<div class=\"elementor-widget-container\">\n\t\t\t\t\t\t\t\t\t\t\t\t\t<img decoding=\"async\" width=\"800\" height=\"800\" src=\"https:\/\/e-commercedubai.com\/wp-content\/uploads\/2024\/05\/Visa-residence-type.jpg\" class=\"attachment-large size-large wp-image-157\" alt=\"\" srcset=\"https:\/\/e-commercedubai.com\/wp-content\/uploads\/2024\/05\/Visa-residence-type.jpg 1000w, https:\/\/e-commercedubai.com\/wp-content\/uploads\/2024\/05\/Visa-residence-type-300x300.jpg 300w, https:\/\/e-commercedubai.com\/wp-content\/uploads\/2024\/05\/Visa-residence-type-150x150.jpg 150w, https:\/\/e-commercedubai.com\/wp-content\/uploads\/2024\/05\/Visa-residence-type-768x768.jpg 768w\" sizes=\"(max-width: 800px) 100vw, 800px\" \/>\t\t\t\t\t\t\t\t\t\t\t\t\t<\/div>\n\t\t\t\t<\/div>\n\t\t\t\t<\/div>\n\t\t<div class=\"elementor-element elementor-element-39fffde5 e-con-full e-flex elementor-invisible e-con e-child\" data-id=\"39fffde5\" data-element_type=\"container\" data-settings=\"{&quot;jet_parallax_layout_list&quot;:[],&quot;animation&quot;:&quot;fadeInRight&quot;}\">\n\t\t\t\t<div class=\"elementor-element elementor-element-199f5815 elementor-widget elementor-widget-heading\" data-id=\"199f5815\" data-element_type=\"widget\" data-widget_type=\"heading.default\">\n\t\t\t\t<div class=\"elementor-widget-container\">\n\t\t\t<h3 class=\"elementor-heading-title elementor-size-default\">Les diff\u00e9rents types de visas de r\u00e9sidence<\/h3>\t\t<\/div>\n\t\t\t\t<\/div>\n\t\t\t\t<div class=\"elementor-element elementor-element-5054a0c7 elementor-widget elementor-widget-text-editor\" data-id=\"5054a0c7\" data-element_type=\"widget\" data-widget_type=\"text-editor.default\">\n\t\t\t\t<div class=\"elementor-widget-container\">\n\t\t\t<style>\/*! elementor - v3.21.0 - 22-05-2024 *\/\n.elementor-widget-text-editor.elementor-drop-cap-view-stacked .elementor-drop-cap{background-color:#69727d;color:#fff}.elementor-widget-text-editor.elementor-drop-cap-view-framed .elementor-drop-cap{color:#69727d;border:3px solid;background-color:transparent}.elementor-widget-text-editor:not(.elementor-drop-cap-view-default) .elementor-drop-cap{margin-top:8px}.elementor-widget-text-editor:not(.elementor-drop-cap-view-default) .elementor-drop-cap-letter{width:1em;height:1em}.elementor-widget-text-editor .elementor-drop-cap{float:left;text-align:center;line-height:1;font-size:50px}.elementor-widget-text-editor .elementor-drop-cap-letter{display:inline-block}<\/style>\t\t\t\t<p>Pour devenir r\u00e9sident aux \u00c9mirats, il y a plusieurs possibilit\u00e9s :<\/p><ul><li>Visa de r\u00e9sidence pour les associ\u00e9s d&#8217;une soci\u00e9t\u00e9 e Duba\u00ef<\/li><li>Visa de r\u00e9sidence pour un freelancer \u00e0 Duba\u00ef<\/li><li>Visa de r\u00e9sidence pour un salari\u00e9 dune soci\u00e9t\u00e9 de Duba\u00ef<\/li><li>Visa de r\u00e9sidence pour la famille (\u00e9poux\/\u00e9pouse\/enfant) \u00e0 Duba\u00ef<\/li><li>Visa de r\u00e9sidence pour un investisseur immobilier<\/li><li>Golden visa<\/li><\/ul>\t\t\t\t\t\t<\/div>\n\t\t\t\t<\/div>\n\t\t\t\t<\/div>\n\t\t\t\t\t<\/div>\n\t\t\t\t<\/div>\n\t\t<div class=\"elementor-element elementor-element-a71a390 e-flex e-con-boxed e-con e-parent\" data-id=\"a71a390\" data-element_type=\"container\" data-settings=\"{&quot;jet_parallax_layout_list&quot;:[]}\">\n\t\t\t\t\t<div class=\"e-con-inner\">\n\t\t<div class=\"elementor-element elementor-element-0d71323 e-con-full e-flex elementor-invisible e-con e-child\" data-id=\"0d71323\" data-element_type=\"container\" data-settings=\"{&quot;jet_parallax_layout_list&quot;:[],&quot;animation&quot;:&quot;fadeInLeft&quot;}\">\n\t\t\t\t<div class=\"elementor-element elementor-element-603930d elementor-widget elementor-widget-heading\" data-id=\"603930d\" data-element_type=\"widget\" data-widget_type=\"heading.default\">\n\t\t\t\t<div class=\"elementor-widget-container\">\n\t\t\t<h3 class=\"elementor-heading-title elementor-size-default\">Processus d'obtention du visa de r\u00e9sidence<\/h3>\t\t<\/div>\n\t\t\t\t<\/div>\n\t\t\t\t<div class=\"elementor-element elementor-element-344aec7 elementor-widget elementor-widget-text-editor\" data-id=\"344aec7\" data-element_type=\"widget\" data-widget_type=\"text-editor.default\">\n\t\t\t\t<div class=\"elementor-widget-container\">\n\t\t\t\t\t\t\t<p>Tout savoir sur les d\u00e9marches d&#8217;obtention de votre visa de r\u00e9sidence \u00e0 travers une prise e charge compl\u00e9te et un processus d\u00e9taill\u00e9 \u00e9tape par \u00e9tape.<\/p>\t\t\t\t\t\t<\/div>\n\t\t\t\t<\/div>\n\t\t\t\t<div class=\"elementor-element elementor-element-ff2121b elementor-align-center elementor-tablet-align-center elementor-mobile-align-center elementor-widget elementor-widget-button\" data-id=\"ff2121b\" data-element_type=\"widget\" data-settings=\"{&quot;_animation&quot;:&quot;none&quot;}\" data-widget_type=\"button.default\">\n\t\t\t\t<div class=\"elementor-widget-container\">\n\t\t\t\t\t<div class=\"elementor-button-wrapper\">\n\t\t\t<a class=\"elementor-button elementor-button-link elementor-size-sm\" href=\"#\">\n\t\t\t\t\t\t<span class=\"elementor-button-content-wrapper\">\n\t\t\t\t\t\t\t\t\t<span class=\"elementor-button-text\">En savoir plus sur le processus<\/span>\n\t\t\t\t\t<\/span>\n\t\t\t\t\t<\/a>\n\t\t<\/div>\n\t\t\t\t<\/div>\n\t\t\t\t<\/div>\n\t\t\t\t<\/div>\n\t\t<div class=\"elementor-element elementor-element-756a994 e-con-full e-flex elementor-invisible e-con e-child\" data-id=\"756a994\" data-element_type=\"container\" data-settings=\"{&quot;jet_parallax_layout_list&quot;:[],&quot;animation&quot;:&quot;fadeInRight&quot;}\">\n\t\t\t\t<div class=\"elementor-element elementor-element-63d1556 elementor-widget elementor-widget-image\" data-id=\"63d1556\" data-element_type=\"widget\" data-widget_type=\"image.default\">\n\t\t\t\t<div class=\"elementor-widget-container\">\n\t\t\t\t\t\t\t\t\t\t\t\t\t<img decoding=\"async\" width=\"800\" height=\"800\" src=\"https:\/\/e-commercedubai.com\/wp-content\/uploads\/2024\/05\/visa-process.jpg\" class=\"attachment-large size-large wp-image-161\" alt=\"\" srcset=\"https:\/\/e-commercedubai.com\/wp-content\/uploads\/2024\/05\/visa-process.jpg 1000w, https:\/\/e-commercedubai.com\/wp-content\/uploads\/2024\/05\/visa-process-300x300.jpg 300w, https:\/\/e-commercedubai.com\/wp-content\/uploads\/2024\/05\/visa-process-150x150.jpg 150w, https:\/\/e-commercedubai.com\/wp-content\/uploads\/2024\/05\/visa-process-768x768.jpg 768w\" sizes=\"(max-width: 800px) 100vw, 800px\" \/>\t\t\t\t\t\t\t\t\t\t\t\t\t<\/div>\n\t\t\t\t<\/div>\n\t\t\t\t<\/div>\n\t\t\t\t\t<\/div>\n\t\t\t\t<\/div>\n\t\t\t\t<\/div>\n\t\t","protected":false},"excerpt":{"rendered":"<p>Visa r\u00e9sidence En savoir plus Les diff\u00e9rents types de visas de r\u00e9sidence Pour devenir r\u00e9sident aux \u00c9mirats, il y a plusieurs possibilit\u00e9s : Visa de r\u00e9sidence pour les associ\u00e9s d&#8217;une soci\u00e9t\u00e9 e Duba\u00ef Visa de r\u00e9sidence pour un freelancer \u00e0 Duba\u00ef Visa de r\u00e9sidence pour un salari\u00e9 dune soci\u00e9t\u00e9 de Duba\u00ef Visa de r\u00e9sidence pour [&hellip;]<\/p>\n","protected":false},"author":1,"featured_media":0,"parent":0,"menu_order":0,"comment_status":"closed","ping_status":"closed","template":"","meta":{"footnotes":""},"class_list":["post-341","page","type-page","status-publish","hentry"],"yoast_head":"<!-- This site is optimized with the Yoast SEO Premium plugin v22.6 (Yoast SEO v23.1) - https:\/\/yoast.com\/wordpress\/plugins\/seo\/ -->\n<title>Visa r\u00e9sidence - E-commerce Duba\u00ef<\/title>\n<meta name=\"robots\" content=\"noindex, follow, max-snippet:-1, max-image-preview:large, max-video-preview:-1\" \/>\n<meta property=\"og:locale\" content=\"en_US\" \/>\n<meta property=\"og:type\" content=\"article\" \/>\n<meta property=\"og:title\" content=\"Visa r\u00e9sidence\" \/>\n<meta property=\"og:description\" content=\"Visa r\u00e9sidence En savoir plus Les diff\u00e9rents types de visas de r\u00e9sidence Pour devenir r\u00e9sident aux \u00c9mirats, il y a plusieurs possibilit\u00e9s : Visa de r\u00e9sidence pour les associ\u00e9s d&#8217;une soci\u00e9t\u00e9 e Duba\u00ef Visa de r\u00e9sidence pour un freelancer \u00e0 Duba\u00ef Visa de r\u00e9sidence pour un salari\u00e9 dune soci\u00e9t\u00e9 de Duba\u00ef Visa de r\u00e9sidence pour [&hellip;]\" \/>\n<meta property=\"og:url\" content=\"https:\/\/e-commercedubai.com\/en\/visa-residence\/\" \/>\n<meta property=\"og:site_name\" content=\"E-commerce Duba\u00ef\" \/>\n<meta property=\"og:image\" content=\"https:\/\/e-commercedubai.com\/wp-content\/uploads\/2024\/05\/visa-3109800_1280-1024x577.jpg\" \/>\n<meta name=\"twitter:card\" content=\"summary_large_image\" \/>\n<meta name=\"twitter:label1\" content=\"Est. reading time\" \/>\n\t<meta name=\"twitter:data1\" content=\"1 minute\" \/>\n<script type=\"application\/ld+json\" class=\"yoast-schema-graph\">{\"@context\":\"https:\/\/schema.org\",\"@graph\":[{\"@type\":\"WebPage\",\"@id\":\"https:\/\/e-commercedubai.com\/en\/visa-residence\/\",\"url\":\"https:\/\/e-commercedubai.com\/en\/visa-residence\/\",\"name\":\"Visa r\u00e9sidence - E-commerce Duba\u00ef\",\"isPartOf\":{\"@id\":\"https:\/\/e-commercedubai.com\/en\/#website\"},\"primaryImageOfPage\":{\"@id\":\"https:\/\/e-commercedubai.com\/en\/visa-residence\/#primaryimage\"},\"image\":{\"@id\":\"https:\/\/e-commercedubai.com\/en\/visa-residence\/#primaryimage\"},\"thumbnailUrl\":\"https:\/\/e-commercedubai.com\/wp-content\/uploads\/2024\/05\/visa-3109800_1280-1024x577.jpg\",\"datePublished\":\"2024-05-25T12:56:15+00:00\",\"dateModified\":\"2024-05-25T12:56:15+00:00\",\"breadcrumb\":{\"@id\":\"https:\/\/e-commercedubai.com\/en\/visa-residence\/#breadcrumb\"},\"inLanguage\":\"en-US\",\"potentialAction\":[{\"@type\":\"ReadAction\",\"target\":[\"https:\/\/e-commercedubai.com\/en\/visa-residence\/\"]}]},{\"@type\":\"ImageObject\",\"inLanguage\":\"en-US\",\"@id\":\"https:\/\/e-commercedubai.com\/en\/visa-residence\/#primaryimage\",\"url\":\"https:\/\/e-commercedubai.com\/wp-content\/uploads\/2024\/05\/visa-3109800_1280-1024x577.jpg\",\"contentUrl\":\"https:\/\/e-commercedubai.com\/wp-content\/uploads\/2024\/05\/visa-3109800_1280-1024x577.jpg\"},{\"@type\":\"BreadcrumbList\",\"@id\":\"https:\/\/e-commercedubai.com\/en\/visa-residence\/#breadcrumb\",\"itemListElement\":[{\"@type\":\"ListItem\",\"position\":1,\"name\":\"Accueil\",\"item\":\"https:\/\/e-commercedubai.com\/en\/\"},{\"@type\":\"ListItem\",\"position\":2,\"name\":\"Visa r\u00e9sidence\"}]},{\"@type\":\"WebSite\",\"@id\":\"https:\/\/e-commercedubai.com\/en\/#website\",\"url\":\"https:\/\/e-commercedubai.com\/en\/\",\"name\":\"E-commerce Duba\u00ef\",\"description\":\"\",\"publisher\":{\"@id\":\"https:\/\/e-commercedubai.com\/en\/#organization\"},\"potentialAction\":[{\"@type\":\"SearchAction\",\"target\":{\"@type\":\"EntryPoint\",\"urlTemplate\":\"https:\/\/e-commercedubai.com\/en\/?s={search_term_string}\"},\"query-input\":\"required name=search_term_string\"}],\"inLanguage\":\"en-US\"},{\"@type\":\"Organization\",\"@id\":\"https:\/\/e-commercedubai.com\/en\/#organization\",\"name\":\"E-commerce Duba\u00ef\",\"url\":\"https:\/\/e-commercedubai.com\/en\/\",\"logo\":{\"@type\":\"ImageObject\",\"inLanguage\":\"en-US\",\"@id\":\"https:\/\/e-commercedubai.com\/en\/#\/schema\/logo\/image\/\",\"url\":\"https:\/\/e-commercedubai.com\/wp-content\/uploads\/2024\/05\/logo-ecommerce.jpg\",\"contentUrl\":\"https:\/\/e-commercedubai.com\/wp-content\/uploads\/2024\/05\/logo-ecommerce.jpg\",\"width\":300,\"height\":96,\"caption\":\"E-commerce Duba\u00ef\"},\"image\":{\"@id\":\"https:\/\/e-commercedubai.com\/en\/#\/schema\/logo\/image\/\"}}]}<\/script>\n<!-- \/ Yoast SEO Premium plugin. -->","yoast_head_json":{"title":"Visa r\u00e9sidence - E-commerce Duba\u00ef","robots":{"index":"noindex","follow":"follow","max-snippet":"max-snippet:-1","max-image-preview":"max-image-preview:large","max-video-preview":"max-video-preview:-1"},"og_locale":"en_US","og_type":"article","og_title":"Visa r\u00e9sidence","og_description":"Visa r\u00e9sidence En savoir plus Les diff\u00e9rents types de visas de r\u00e9sidence Pour devenir r\u00e9sident aux \u00c9mirats, il y a plusieurs possibilit\u00e9s : Visa de r\u00e9sidence pour les associ\u00e9s d&#8217;une soci\u00e9t\u00e9 e Duba\u00ef Visa de r\u00e9sidence pour un freelancer \u00e0 Duba\u00ef Visa de r\u00e9sidence pour un salari\u00e9 dune soci\u00e9t\u00e9 de Duba\u00ef Visa de r\u00e9sidence pour [&hellip;]","og_url":"https:\/\/e-commercedubai.com\/en\/visa-residence\/","og_site_name":"E-commerce Duba\u00ef","og_image":[{"url":"https:\/\/e-commercedubai.com\/wp-content\/uploads\/2024\/05\/visa-3109800_1280-1024x577.jpg"}],"twitter_card":"summary_large_image","twitter_misc":{"Est. reading time":"1 minute"},"schema":{"@context":"https:\/\/schema.org","@graph":[{"@type":"WebPage","@id":"https:\/\/e-commercedubai.com\/en\/visa-residence\/","url":"https:\/\/e-commercedubai.com\/en\/visa-residence\/","name":"Visa r\u00e9sidence - E-commerce Duba\u00ef","isPartOf":{"@id":"https:\/\/e-commercedubai.com\/en\/#website"},"primaryImageOfPage":{"@id":"https:\/\/e-commercedubai.com\/en\/visa-residence\/#primaryimage"},"image":{"@id":"https:\/\/e-commercedubai.com\/en\/visa-residence\/#primaryimage"},"thumbnailUrl":"https:\/\/e-commercedubai.com\/wp-content\/uploads\/2024\/05\/visa-3109800_1280-1024x577.jpg","datePublished":"2024-05-25T12:56:15+00:00","dateModified":"2024-05-25T12:56:15+00:00","breadcrumb":{"@id":"https:\/\/e-commercedubai.com\/en\/visa-residence\/#breadcrumb"},"inLanguage":"en-US","potentialAction":[{"@type":"ReadAction","target":["https:\/\/e-commercedubai.com\/en\/visa-residence\/"]}]},{"@type":"ImageObject","inLanguage":"en-US","@id":"https:\/\/e-commercedubai.com\/en\/visa-residence\/#primaryimage","url":"https:\/\/e-commercedubai.com\/wp-content\/uploads\/2024\/05\/visa-3109800_1280-1024x577.jpg","contentUrl":"https:\/\/e-commercedubai.com\/wp-content\/uploads\/2024\/05\/visa-3109800_1280-1024x577.jpg"},{"@type":"BreadcrumbList","@id":"https:\/\/e-commercedubai.com\/en\/visa-residence\/#breadcrumb","itemListElement":[{"@type":"ListItem","position":1,"name":"Accueil","item":"https:\/\/e-commercedubai.com\/en\/"},{"@type":"ListItem","position":2,"name":"Visa r\u00e9sidence"}]},{"@type":"WebSite","@id":"https:\/\/e-commercedubai.com\/en\/#website","url":"https:\/\/e-commercedubai.com\/en\/","name":"E-commerce Duba\u00ef","description":"","publisher":{"@id":"https:\/\/e-commercedubai.com\/en\/#organization"},"potentialAction":[{"@type":"SearchAction","target":{"@type":"EntryPoint","urlTemplate":"https:\/\/e-commercedubai.com\/en\/?s={search_term_string}"},"query-input":"required name=search_term_string"}],"inLanguage":"en-US"},{"@type":"Organization","@id":"https:\/\/e-commercedubai.com\/en\/#organization","name":"E-commerce Duba\u00ef","url":"https:\/\/e-commercedubai.com\/en\/","logo":{"@type":"ImageObject","inLanguage":"en-US","@id":"https:\/\/e-commercedubai.com\/en\/#\/schema\/logo\/image\/","url":"https:\/\/e-commercedubai.com\/wp-content\/uploads\/2024\/05\/logo-ecommerce.jpg","contentUrl":"https:\/\/e-commercedubai.com\/wp-content\/uploads\/2024\/05\/logo-ecommerce.jpg","width":300,"height":96,"caption":"E-commerce Duba\u00ef"},"image":{"@id":"https:\/\/e-commercedubai.com\/en\/#\/schema\/logo\/image\/"}}]}},"_links":{"self":[{"href":"https:\/\/e-commercedubai.com\/en\/wp-json\/wp\/v2\/pages\/341","targetHints":{"allow":["GET"]}}],"collection":[{"href":"https:\/\/e-commercedubai.com\/en\/wp-json\/wp\/v2\/pages"}],"about":[{"href":"https:\/\/e-commercedubai.com\/en\/wp-json\/wp\/v2\/types\/page"}],"author":[{"embeddable":true,"href":"https:\/\/e-commercedubai.com\/en\/wp-json\/wp\/v2\/users\/1"}],"replies":[{"embeddable":true,"href":"https:\/\/e-commercedubai.com\/en\/wp-json\/wp\/v2\/comments?post=341"}],"version-history":[{"count":0,"href":"https:\/\/e-commercedubai.com\/en\/wp-json\/wp\/v2\/pages\/341\/revisions"}],"wp:attachment":[{"href":"https:\/\/e-commercedubai.com\/en\/wp-json\/wp\/v2\/media?parent=341"}],"curies":[{"name":"wp","href":"https:\/\/api.w.org\/{rel}","templated":true}]}}